{"id":210,"date":"2021-03-15T11:01:00","date_gmt":"2021-03-15T10:01:00","guid":{"rendered":"https:\/\/www.letona.es\/cookies\/"},"modified":"2024-01-11T12:51:53","modified_gmt":"2024-01-11T10:51:53","slug":"cookies","status":"publish","type":"page","link":"https:\/\/www.letona.es\/es\/cookies\/","title":{"rendered":"Cookies"},"content":{"rendered":"\n<p>Utilizamos cookies propias y de terceros para analizar el uso del sitio web y mostrarte publicidad relacionada con tus preferencias sobre la base de un perfil elaborado a partir de tus h\u00e1bitos de navegaci\u00f3n (por ejemplo, p\u00e1ginas visitadas).<\/p>\n\n\n\n<p><br><strong>\u00bfQU\u00c9 ES UNA COOKIE?<\/strong><br>Este sitio web utiliza cookies y\/o tecnolog\u00edas similares que almacenan y recuperan informaci\u00f3n cuando navegas. En general, estas tecnolog\u00edas pueden servir para finalidades muy diversas, como, por ejemplo, reconocerte como usuario, obtener informaci\u00f3n sobre tus h\u00e1bitos de navegaci\u00f3n o personalizar la forma en que se muestra el contenido. Los usos concretos que hacemos de estas tecnolog\u00edas se describen a continuaci\u00f3n.<\/p>\n\n\n\n<p><br><strong>TIPOS DE COOKIES UTILIZADAS<\/strong><br>Este web utiliza tanto cookies propias como cookies de terceros. Puedes permitir o bloquear las cookies, as\u00ed como borrar tus datos de navegaci\u00f3n (incluidas las cookies), desde el navegador que utilizas. Consulta las opciones e instrucciones que ofrece tu navegador para ello. Ten en cuenta que, si aceptas las cookies de terceros, deber\u00e1s eliminarlas desde las opciones del navegador. Seg\u00fan la finalidad para la que se traten los datos obtenidos a trav\u00e9s de las cookies, la web puede utilizar:<\/p>\n\n\n\n<p><strong>A) Tipos de cookies seg\u00fan la entidad que las gestiona:<\/strong><\/p>\n\n\n\n<ul><li><strong>Cookies propias<\/strong><ul><li>Son aquellas que se env\u00edan al equipo terminal del usuario desde un equipo o dominio gestionado por el propio editor y desde el que se presta el servicio solicitado por el usuario.<\/li><\/ul><\/li><li><strong>Cookies de terceros<\/strong><ul><li>Son aquellas que se env\u00edan al equipo terminal del usuario desde un equipo o dominio que no es gestionado por el editor, sino por otra entidad que trata los datos obtenidos a trav\u00e9s de las cookies.<\/li><\/ul><\/li><\/ul>\n\n\n\n<p><strong>B) Tipos de cookies seg\u00fan el plazo de tiempo que permanecen activadas:<\/strong><\/p>\n\n\n\n<ul><li><strong>Cookies de sesi\u00f3n<\/strong><ul><li>Son aquellas dise\u00f1adas para recabar y almacenar datos mientras el usuario accede a una p\u00e1gina web. Se suelen emplear para almacenar informaci\u00f3n que solo interesa conservar para la prestaci\u00f3n del servicio solicitado por el usuario en una sola ocasi\u00f3n (por ejemplo, una lista de productos adquiridos) y desaparecen al terminar la sesi\u00f3n.<\/li><\/ul><\/li><li><strong>Cookies persistentes<\/strong><ul><li>Son aquellas en las que los datos siguen almacenados en el terminal y pueden ser accedidos y tratados durante un periodo definido por el responsable de la cookie, y que puede ir de unos minutos a varios a\u00f1os.<\/li><\/ul><\/li><\/ul>\n\n\n\n<p><strong>C) Tipos de cookies seg\u00fan su finalidad:<\/strong><\/p>\n\n\n\n<ul><li><strong>Cookies t\u00e9cnicas<\/strong><ul><li>Son aquellas que permiten al usuario la navegaci\u00f3n a trav\u00e9s de una p\u00e1gina web, plataforma o aplicaci\u00f3n y la utilizaci\u00f3n de las diferentes opciones o servicios que en ella existan, incluyendo aquellas que el editor utiliza para permitir la gesti\u00f3n y operativa de la p\u00e1gina web y habilitar sus funciones y servicios, como, por ejemplo, controlar el tr\u00e1fico y la comunicaci\u00f3n de datos, identificar la sesi\u00f3n, acceder a partes de acceso restringido, recordar los elementos que integran un pedido, realizar el proceso de compra de un pedido, gestionar el pago, controlar el fraude vinculado a la seguridad del servicio, realizar la solicitud de inscripci\u00f3n o participaci\u00f3n en un evento, contar visitas a efectos de la facturaci\u00f3n de licencias del software con el que funciona el servicio (sitio web, plataforma o aplicaci\u00f3n), utilizar elementos de seguridad durante la navegaci\u00f3n, almacenar contenidos para la difusi\u00f3n de v\u00eddeos o sonido, habilitar contenidos din\u00e1micos (por ejemplo, animaci\u00f3n de carga de un texto o imagen) o compartir contenidos a trav\u00e9s de redes sociales.<\/li><\/ul><\/li><li><strong>Cookies de personalizaci\u00f3n<\/strong><ul><li>Son aquellas que permiten recordar informaci\u00f3n para que el usuario acceda al servicio con determinadas caracter\u00edsticas que pueden diferenciar su experiencia de la de otros usuarios, como, por ejemplo, el idioma, el n\u00famero de resultados a mostrar cuando el usuario realiza una b\u00fasqueda, el aspecto o contenido del servicio en funci\u00f3n del tipo de navegador a trav\u00e9s del cual el usuario accede al servicio o de la regi\u00f3n desde la que accede al servicio, etc.<\/li><\/ul><\/li><li><strong>Cookies permanentes<\/strong><ul><li>Son aquellas que se almacenan en el disco duro y nuestra web las lee cada vez que se realiza una nueva visita. Una cookie permanente posee una fecha de expiraci\u00f3n determinada. La cookie dejar\u00e1 de funcionar despu\u00e9s de esa fecha.<\/li><\/ul><\/li><li><strong>Cookies anal\u00edticas<\/strong><ul><li>Son aquellas que permiten realizar el seguimiento y an\u00e1lisis del comportamiento de los usuarios en los sitios web a los que est\u00e1n vinculadas, incluida la cuantificaci\u00f3n de los impactos de los anuncios. La informaci\u00f3n recogida mediante este tipo de cookies se utiliza en la medici\u00f3n de la actividad de los sitios web, aplicaci\u00f3n o plataforma, con el fin de introducir mejoras en funci\u00f3n del an\u00e1lisis de los datos de uso que hacen los usuarios del servicio.<\/li><\/ul><\/li><li><strong>Cookies publicitarias<\/strong><ul><li>Son aquellas que almacenan informaci\u00f3n del comportamiento de los usuarios obtenida a trav\u00e9s de la observaci\u00f3n continuada de sus h\u00e1bitos de navegaci\u00f3n, lo que permite desarrollar un perfil espec\u00edfico para mostrar publicidad en funci\u00f3n del mismo.<\/li><\/ul><\/li><\/ul>\n\n\n\n<p>Puedes acceder a informaci\u00f3n sobre el tratamiento de tus datos llevado a cabo por las cookies de terceros en sus correspondientes pol\u00edticas de cookies.<\/p>\n\n\n\n<p><br><strong>\u00bfQU\u00c9 COOKIES HAY EN ESTA WEB?<\/strong><br>A continuaci\u00f3n encontrar\u00e1s una tabla esquematizada con la relaci\u00f3n y descripci\u00f3n de todas las cookies que utilizamos en nuestra p\u00e1gina web.<\/p>\n\n\n\n<figure class=\"wp-block-table\"><table><thead><tr><th scope=\"col\">Cookie<\/th><th scope=\"col\">Duraci\u00f3n<\/th><th scope=\"col\">Descripci\u00f3n<\/th><\/tr><\/thead><tbody><tr><td>_ga<\/td><td>2 years<\/td><td>Esta cookie est\u00e1 instalada por Google Analytics. La cookie se utiliza para calcular datos de visitantes, sesiones, campa\u00f1as y hacer un seguimiento del uso del lugar para el informe de an\u00e1lisis del lugar. La informaci\u00f3n de la tienda de cookies es an\u00f3nima y asigna un n\u00famero generado aleatoriamente para identificar visitantes \u00fanicos.<\/td><\/tr><tr><td>_gat<\/td><td>1 minute<\/td><td>Esta cookie es instalada por Google Analytics. La cookie se utiliza para recoger los datos de visitantes, sesiones, campa\u00f1as y realizar un seguimiento del uso del lugar para el informe anal\u00edtico. Las cookies almacenan informaci\u00f3n de manera an\u00f3nima y asignan un n\u00famero generado aleatoriamente para identificar visitantes \u00fanicos.<\/td><\/tr><tr><td>_gid<\/td><td>1 day<\/td><td>Esta cookie est\u00e1 instalada por Google Analytics. La cookie se utiliza para almacenar informaci\u00f3n de como los visitantes utilizan un sitio web y ayuda a crear un informe de an\u00e1lisis de c\u00f3mo est\u00e1 haciendo el sitio web. Los datos recopilados incluyen el n\u00famero de visitantes, la fuente de d\u00f3nde han venido, y las p\u00e1ginas tenidas en cuenta de manera an\u00f3nima.<\/td><\/tr><tr><td>cookielawinfo-checkbox-necesarias<\/td><td>1 year<\/td><td>Esta cookie es guardada por el plugin GDPR Cookie Consent y se utiliza para registrar si el usuario ha consentido o no el uso de cookies. No almacena ning\u00fan dato personal.<\/td><\/tr><tr><td>cookielawinfo-checkbox-no-necesarias<\/td><td>1 year<\/td><td>Esta cookie es guardada por el plugin GDPR Cookie Consent y se utiliza para registrar si el usuario ha consentido o no el uso de cookies anal\u00edticas. No almacena ning\u00fan dato personal.<\/td><\/tr><tr><td>viewed_cookie_policy<\/td><td>1 year<\/td><td>La cookie est\u00e1 definida por el conector GPR Cookie Consiente y se utiliza para almacenar si el usuario ha consentido o no el uso de galletas. No almacena ning\u00fan dato personal.<\/td><\/tr><\/tbody><\/table><\/figure>\n\n\n\n<p><br><strong>\u00bfC\u00d3MO ADMINISTRAR COOKIES EN EL NAVEGADOR?<\/strong><br>El usuario tiene la opci\u00f3n de permitir, bloquear o eliminar las cookies instaladas en su equipo mediante la configuraci\u00f3n de las opciones del navegador instalado en su terminal. Se trata de una garant\u00eda complementaria a las anteriormente descritas, en la que el registro de las cookies podr\u00e1 estar sujeto a su aceptaci\u00f3n durante la instalaci\u00f3n o puesta al d\u00eda del navegador usado, y esta aceptaci\u00f3n puede en todo momento ser revocada con las opciones de configuraci\u00f3n de contenidos y privacidad disponibles.<\/p>\n\n\n\n<p>Muchos navegadores permiten configurar reglas espec\u00edficas para administrar cookies por un sitio web, lo que ofrece un control m\u00e1s preciso sobre la privacidad. Esto significa que se puede inhabilitar cookies de todos los sitios salvo de aquellos en los que se conf\u00ede. En algunos navegadores se puede activar un modo privado mediante el cual las cookies se borran siempre despu\u00e9s de su visita. Dependiendo de cada navegador, este modo privado puede tener diferentes nombres. Por favor, lee atentamente la secci\u00f3n de ayuda de tu navegador para conocer m\u00e1s acerca de c\u00f3mo activar el \u201cmodo privado\u201d. Podr\u00e1s seguir visitando nuestra web aunque tu navegador est\u00e9 en \u201cmodo privado\u201d, si bien tu navegaci\u00f3n por nuestra web puede no ser \u00f3ptima y algunas utilidades pueden no funcionar correctamente. A continuaci\u00f3n encontrar\u00e1s una lista de los navegadores m\u00e1s comunes y los diferentes nombres de este \u201cmodo privado\u201d:<\/p>\n\n\n\n<p>Internet Explorer 10 y superior: InPrivate; Safari 2 y superior: Navegaci\u00f3n Privada; Opera 10.5 y superior: Navegaci\u00f3n Privada; FireFox 3.5 y superior: Navegaci\u00f3n Privada; Google Chrome 10 y superior: Inc\u00f3gnito.<\/p>\n\n\n\n<p>NOTA: La presente pol\u00edtica de cookies es revisada y actualizada peri\u00f3dicamente.<\/p>\n","protected":false},"excerpt":{"rendered":"<p>Utilizamos cookies propias y de terceros para analizar el uso del sitio web y mostrarte publicidad relacionada con tus preferencias sobre la base de un perfil elaborado a partir de tus h\u00e1bitos de navegaci\u00f3n (por ejemplo, p\u00e1ginas visitadas). \u00bfQU\u00c9 ES UNA COOKIE?Este sitio web utiliza cookies y\/o tecnolog\u00edas similares que almacenan y recuperan informaci\u00f3n cuando [&hellip;]<\/p>\n","protected":false},"author":1,"featured_media":0,"parent":0,"menu_order":40,"comment_status":"closed","ping_status":"closed","template":"page-standard.php","meta":{"inline_featured_image":false},"yoast_head":"<!-- This site is optimized with the Yoast SEO plugin v19.0 - https:\/\/yoast.com\/wordpress\/plugins\/seo\/ -->\n<title>Cookies - Letona<\/title>\n<meta name=\"robots\" content=\"index, follow, max-snippet:-1, max-image-preview:large, max-video-preview:-1\" \/>\n<link rel=\"canonical\" href=\"https:\/\/www.letona.es\/es\/cookies\/\" \/>\n<meta property=\"og:locale\" content=\"es_ES\" \/>\n<meta property=\"og:type\" content=\"article\" \/>\n<meta property=\"og:title\" content=\"Cookies - Letona\" \/>\n<meta property=\"og:description\" content=\"Utilizamos cookies propias y de terceros para analizar el uso del sitio web y mostrarte publicidad relacionada con tus preferencias sobre la base de un perfil elaborado a partir de tus h\u00e1bitos de navegaci\u00f3n (por ejemplo, p\u00e1ginas visitadas). \u00bfQU\u00c9 ES UNA COOKIE?Este sitio web utiliza cookies y\/o tecnolog\u00edas similares que almacenan y recuperan informaci\u00f3n cuando [&hellip;]\" \/>\n<meta property=\"og:url\" content=\"https:\/\/www.letona.es\/es\/cookies\/\" \/>\n<meta property=\"og:site_name\" content=\"Letona\" \/>\n<meta property=\"article:modified_time\" content=\"2024-01-11T10:51:53+00:00\" \/>\n<meta name=\"twitter:card\" content=\"summary_large_image\" \/>\n<meta name=\"twitter:label1\" content=\"Tiempo de lectura\" \/>\n\t<meta name=\"twitter:data1\" content=\"7 minutos\" \/>\n<script type=\"application\/ld+json\" class=\"yoast-schema-graph\">{\"@context\":\"https:\/\/schema.org\",\"@graph\":[{\"@type\":\"WebSite\",\"@id\":\"https:\/\/www.letona.es\/#website\",\"url\":\"https:\/\/www.letona.es\/\",\"name\":\"Letona\",\"description\":\"-Letona, llet de la bona!\",\"potentialAction\":[{\"@type\":\"SearchAction\",\"target\":{\"@type\":\"EntryPoint\",\"urlTemplate\":\"https:\/\/www.letona.es\/?s={search_term_string}\"},\"query-input\":\"required name=search_term_string\"}],\"inLanguage\":\"es\"},{\"@type\":\"WebPage\",\"@id\":\"https:\/\/www.letona.es\/es\/cookies\/#webpage\",\"url\":\"https:\/\/www.letona.es\/es\/cookies\/\",\"name\":\"Cookies - Letona\",\"isPartOf\":{\"@id\":\"https:\/\/www.letona.es\/#website\"},\"datePublished\":\"2021-03-15T10:01:00+00:00\",\"dateModified\":\"2024-01-11T10:51:53+00:00\",\"breadcrumb\":{\"@id\":\"https:\/\/www.letona.es\/es\/cookies\/#breadcrumb\"},\"inLanguage\":\"es\",\"potentialAction\":[{\"@type\":\"ReadAction\",\"target\":[\"https:\/\/www.letona.es\/es\/cookies\/\"]}]},{\"@type\":\"BreadcrumbList\",\"@id\":\"https:\/\/www.letona.es\/es\/cookies\/#breadcrumb\",\"itemListElement\":[{\"@type\":\"ListItem\",\"position\":1,\"name\":\"Home\",\"item\":\"https:\/\/www.letona.es\/es\/\"},{\"@type\":\"ListItem\",\"position\":2,\"name\":\"Cookies\"}]}]}<\/script>\n<!-- \/ Yoast SEO plugin. -->","yoast_head_json":{"title":"Cookies - Letona","robots":{"index":"index","follow":"follow","max-snippet":"max-snippet:-1","max-image-preview":"max-image-preview:large","max-video-preview":"max-video-preview:-1"},"canonical":"https:\/\/www.letona.es\/es\/cookies\/","og_locale":"es_ES","og_type":"article","og_title":"Cookies - Letona","og_description":"Utilizamos cookies propias y de terceros para analizar el uso del sitio web y mostrarte publicidad relacionada con tus preferencias sobre la base de un perfil elaborado a partir de tus h\u00e1bitos de navegaci\u00f3n (por ejemplo, p\u00e1ginas visitadas). \u00bfQU\u00c9 ES UNA COOKIE?Este sitio web utiliza cookies y\/o tecnolog\u00edas similares que almacenan y recuperan informaci\u00f3n cuando [&hellip;]","og_url":"https:\/\/www.letona.es\/es\/cookies\/","og_site_name":"Letona","article_modified_time":"2024-01-11T10:51:53+00:00","twitter_card":"summary_large_image","twitter_misc":{"Tiempo de lectura":"7 minutos"},"schema":{"@context":"https:\/\/schema.org","@graph":[{"@type":"WebSite","@id":"https:\/\/www.letona.es\/#website","url":"https:\/\/www.letona.es\/","name":"Letona","description":"-Letona, llet de la bona!","potentialAction":[{"@type":"SearchAction","target":{"@type":"EntryPoint","urlTemplate":"https:\/\/www.letona.es\/?s={search_term_string}"},"query-input":"required name=search_term_string"}],"inLanguage":"es"},{"@type":"WebPage","@id":"https:\/\/www.letona.es\/es\/cookies\/#webpage","url":"https:\/\/www.letona.es\/es\/cookies\/","name":"Cookies - Letona","isPartOf":{"@id":"https:\/\/www.letona.es\/#website"},"datePublished":"2021-03-15T10:01:00+00:00","dateModified":"2024-01-11T10:51:53+00:00","breadcrumb":{"@id":"https:\/\/www.letona.es\/es\/cookies\/#breadcrumb"},"inLanguage":"es","potentialAction":[{"@type":"ReadAction","target":["https:\/\/www.letona.es\/es\/cookies\/"]}]},{"@type":"BreadcrumbList","@id":"https:\/\/www.letona.es\/es\/cookies\/#breadcrumb","itemListElement":[{"@type":"ListItem","position":1,"name":"Home","item":"https:\/\/www.letona.es\/es\/"},{"@type":"ListItem","position":2,"name":"Cookies"}]}]}},"amp_enabled":false,"acf":[],"_links":{"self":[{"href":"https:\/\/www.letona.es\/es\/wp-json\/wp\/v2\/pages\/210"}],"collection":[{"href":"https:\/\/www.letona.es\/es\/wp-json\/wp\/v2\/pages"}],"about":[{"href":"https:\/\/www.letona.es\/es\/wp-json\/wp\/v2\/types\/page"}],"author":[{"embeddable":true,"href":"https:\/\/www.letona.es\/es\/wp-json\/wp\/v2\/users\/1"}],"replies":[{"embeddable":true,"href":"https:\/\/www.letona.es\/es\/wp-json\/wp\/v2\/comments?post=210"}],"version-history":[{"count":0,"href":"https:\/\/www.letona.es\/es\/wp-json\/wp\/v2\/pages\/210\/revisions"}],"wp:attachment":[{"href":"https:\/\/www.letona.es\/es\/wp-json\/wp\/v2\/media?parent=210"}],"curies":[{"name":"wp","href":"https:\/\/api.w.org\/{rel}","templated":true}]}}