{"id":213,"date":"2021-03-15T10:58:15","date_gmt":"2021-03-15T09:58:15","guid":{"rendered":"https:\/\/www.letona.es\/avis-legal\/"},"modified":"2025-01-24T11:20:54","modified_gmt":"2025-01-24T09:20:54","slug":"avis-legal","status":"publish","type":"page","link":"https:\/\/www.letona.es\/es\/avis-legal\/","title":{"rendered":"Aviso legal"},"content":{"rendered":"\n<p><strong>GRUPO CACAOLAT S.L.<\/strong>&nbsp;(en adelante, Cacaolat), con CIF B64975634, domiciliada en Avda. Francesc Maci\u00e0 255-233, 08924 Santa Coloma de Gramenet (Barcelona), informa a los Usuarios de la p\u00e1gina web&nbsp;<a href=\"https:\/\/www.letona.es\/\">https:\/\/www.letona.es\/<\/a>, de la que es titular, de las Condiciones de Acceso y Uso de la misma.<\/p>\n\n\n\n<p>Inscrita en el Registro Mercantil de Barcelona Tomo 40937, Folio 0013, Hoja B373358.<\/p>\n\n\n\n<p>El acceso y uso de la P\u00e1gina web \u201cwww.letona.es\u201d se regir\u00e1 y quedar\u00e1 sujeto a las siguientes Condiciones Generales. La utilizaci\u00f3n de todas las p\u00e1ginas web titularidad de Cacaolat supone la aceptaci\u00f3n plena por el Usuario de todas las Condiciones Generales de Acceso y Uso vigentes en cada momento en que el Usuario acceda al mismo. Cacaolat se reserva el derecho a modificar en cualquier momento las presentes Condiciones Generales.<\/p>\n\n\n\n<p>Todos los contenidos de las p\u00e1ginas web de Cacaolat (entre otros, textos, im\u00e1genes, fotograf\u00edas, audio, v\u00eddeo, software, dise\u00f1o y signos identificativos) est\u00e1n sometidos a la normativa sobre Propiedad Intelectual y\/o Industrial. Los derechos sobre los contenidos pertenecen a Cacaolat o, en su caso, a terceros. En ning\u00fan caso el acceso a las P\u00e1ginas web de Cacaolat implica cesi\u00f3n, transmisi\u00f3n o cualquier tipo de renuncia de derechos de Propiedad Intelectual y\/o Industrial.<\/p>\n\n\n\n<p>El Usuario no podr\u00e1, en ning\u00fan caso, modificar o suprimir los datos identificativos que existan, en su caso, de los derechos de Cacaolat o de terceros sobre los contenidos. \u00danicamente, el usuario podr\u00e1 acceder a los contenidos mediante los medios o procedimientos que se hayan puesto en disposici\u00f3n a este efecto en las P\u00e1ginas web de Cacaolat o se utilicen habitualmente en Internet para ese fin, siempre que no impliquen violaci\u00f3n de derechos de Propiedad Intelectual o alg\u00fan tipo de da\u00f1o para las P\u00e1ginas web de Cacaolat y\/o su informaci\u00f3n y servicios ofrecidos.<\/p>\n\n\n\n<p>El Usuario se compromete a utilizar las informaciones y servicios de la p\u00e1gina web de Cacaolat de conformidad a la ley, estas Condiciones Generales, la moral, las buenas costumbres y el orden p\u00fablico. En particular, el usuario se compromete a hacer un uso correcto y l\u00edcito de los servicios y contenidos y a no realizar las siguientes actividades : a) llevar a cabo actos contrarios a los derechos de Propiedad Intelectual y\/o Propiedad Industrial de sus leg\u00edtimos titulares; b) difundir contenidos o propaganda de car\u00e1cter racista, xen\u00f3fobo, pornogr\u00e1fico-ilegal, contrarios a los derechos humanos y hacer apolog\u00eda del terrorismo; c) provocar da\u00f1os en los sistemas inform\u00e1ticos de Cacaolat, de sus proveedores o de terceros y\/o introducir o difundir virus inform\u00e1ticos u otro tipo de sistemas f\u00edsicos o l\u00f3gicos que puedan causar da\u00f1os en sistemas inform\u00e1ticos, como por ejemplo en env\u00edo de mensajes electr\u00f3nicos no solicitados de forma continuada; y d) transmitir publicidad o env\u00edo de mensajes electr\u00f3nicos no solicitados o autorizados. Cacaolat no se responsabiliza de cualquier da\u00f1o o perjuicio en el software o hardware del usuario que se derive del acceso a las P\u00e1ginas web de Cacaolat o del uso de informaci\u00f3n o aplicaciones en ella contenidas.<\/p>\n\n\n\n<p>Cacaolat no garantiza la idoneidad, fiabilidad, disponibilidad, oportunidad o exactitud de informaci\u00f3n o servicios contenidos en sus P\u00e1ginas web, y podr\u00e1n actualizarse, modificarse o eliminarse sin previo aviso respetando, en cualquier caso, las previsiones legales de informaci\u00f3n.<\/p>\n\n\n\n<p>Cacaolat no garantiza que los contenidos de sus P\u00e1ginas sean aptos o disponibles fuera de Espa\u00f1a. En el supuesto de que todo o parte de los contenidos de las P\u00e1ginas de Cacaolat sean considerados ilegales en pa\u00edses distintos a Espa\u00f1a, queda prohibido el acceso a los mismos y su utilizaci\u00f3n por los usuarios y, en el caso de que este se produzca, ser\u00e1 exclusivamente bajo la responsabilidad de los Usuarios, estando estos obligados al cumplimiento de las leyes nacionales de aplicaci\u00f3n.<\/p>\n\n\n\n<p>Cacaolat no asume responsabilidad alguna derivada de los contenidos que terceras partes hayan incluido en los hiperv\u00ednculos a los que se haga referencia en esta p\u00e1gina. El establecimiento del hiperv\u00ednculo no implica en ning\u00fan caso la existencia de relaciones entre Cacaolat y el propietario de la p\u00e1gina Web en la que se establezca, ni la aceptaci\u00f3n y aprobaci\u00f3n de sus contenidos o servicios all\u00ed ofrecidos.<\/p>\n\n\n\n<p>Cacaolat se reserva, sin necesidad de previo aviso y en cualquier momento, el derecho a suspender temporalmente el acceso a sus P\u00e1ginas web y a efectuar las modificaciones que considere oportunas de las P\u00e1ginas, de los servicios o informaciones ofrecidas, de la presentaci\u00f3n o localizaci\u00f3n de las mismas, y de las Condiciones Generales de Acceso y Uso.Toda la informaci\u00f3n que se reciba en las P\u00e1ginas web de Cacaolat se considerar\u00e1 cedida a Cacaolat a t\u00edtulo gratuito.<\/p>\n\n\n\n<p>El correo electr\u00f3nico no ser\u00e1 considerado como medio v\u00e1lido a los efectos de presentaci\u00f3n de reclamaciones. Para ello deber\u00e1n dirigirse al Departamento de Marketing de Cacaolat, Avda. Francesc Maci\u00e0 225-233, 08924 Santa Coloma de Gramenet (Barcelona), que indicar\u00e1 en cada caso los cauces a seguir.<\/p>\n\n\n\n<p>Todas las cuestiones relativas a las P\u00e1ginas web de Cacaolat se regir\u00e1n por la legislaci\u00f3n espa\u00f1ola y se someter\u00e1n a la jurisdicci\u00f3n de los Juzgados y Tribunales de Barcelona, con renuncia a cualquier fuero que pudiera corresponder.<\/p>\n\n\n\n<p id=\"privacitat\"><strong>POL\u00cdTICA DE PRIVACIDAD<\/strong><br>En cumplimiento de lo dispuesto en el Reglamento (UE) 2016\/679 de 27 de abril, General de Protecci\u00f3n de Datos y dem\u00e1s normativa aplicable le informamos de nuestra pol\u00edtica de privacidad y de c\u00f3mo gestionamos los datos personales que Vd. nos proporcione a trav\u00e9s de la web o por otros medios.<\/p>\n\n\n\n<p><strong>RESPONSABLE<\/strong><br>Sus datos personales van a ser tratados por&nbsp;<strong>GRUPO CACAOLAT<\/strong>&nbsp;con domicilio en Avda. Francesc Maci\u00e0 255-233, 08924 Santa Coloma de Gramenet (Barcelona)<\/p>\n\n\n\n<ol><li>Contacto: utilizaremos los datos para atender su solicitud, responderle a su pregunta o facilitarle la informaci\u00f3n solicitada.<\/li><li>Los CV \u00fanicamente los utilizaremos en los procesos de selecci\u00f3n en los que haya participado, quedando bloqueados autom\u00e1ticamente en el momento que haya finalizado el proceso.<\/li><li>Si Vd. es cliente o proveedor, s\u00f3lo utilizaremos los datos para gestionar su relaci\u00f3n comercial con nuestra compa\u00f1\u00eda y para mantenerle informado de nuestras noticias y novedades de acuerdo a lo previsto en la normativa vigente.<\/li><li>Para gestionar las visitas a la f\u00e1brica solicitadas.<\/li><li>Si Vd. se dirige a nosotros con relaci\u00f3n a uno de nuestro productos, sus datos s\u00f3lo ser\u00e1n tratados para gestionar su expediente, petici\u00f3n o reclamaci\u00f3n.<\/li><\/ol>\n\n\n\n<p><strong>LEGITIMACI\u00d3N<\/strong><br>La Base Legal para tratar los datos personales de las Finalidades 1 y 5 es el inter\u00e9sleg\u00edtimo que tenemos para poder atender su petici\u00f3n.<\/p>\n\n\n\n<p>La Base Legal para tratar los datos personales de las Finalidades 2, 3 y 4 es la necesidad para la ejecuci\u00f3n de un contrato.<\/p>\n\n\n\n<p>En todos los casos tratar\u00edamos el nombre, apellidos, DNI, correo electr\u00f3nico y tel\u00e9fono.<\/p>\n\n\n\n<p>De acuerdo con el Reglamento General Europeo De Protecci\u00f3n De Datos, hemos hecho lo que se conoce como \u201cprueba de sopesamiento\u201d, un an\u00e1lisis internopara confirmar que nuestro inter\u00e9s leg\u00edtimo no perjudica los intereses denuestros usuarios en la protecci\u00f3n de sus datos personales, en resumen, que la su privacidad no resulta perjudicada.<\/p>\n\n\n\n<p>Como conclusi\u00f3n, entendemos que prevalece nuestrointer\u00e9s a realizarestetratamiento para responder sus posibles dudas, consultas y peticiones. Adem\u00e1s,solo se utilizaran datos que se haya facilitado directamente el mismo.<\/p>\n\n\n\n<p>En todo caso, el usuariotiene derecho a obtener mayor informaci\u00f3nas\u00edcomoejercitar su derecho de oposici\u00f3ny negarse a tales tratamientos.<\/p>\n\n\n\n<p><strong>DESTINATARIOS<\/strong><br>Los datos personales s\u00f3lo ser\u00e1n utilizados por nuestra compa\u00f1\u00eda. No cederemos ni comunicaremos sus datos a terceros excepto para el cumplimiento de las obligaciones legales a las que vengamos obligados por raz\u00f3n de nuestro negocio (Administraciones P\u00fablicas, entidades financieras, aseguradoras).<\/p>\n\n\n\n<p><strong>SEGURIDAD<\/strong><br><strong>GRUPO CACAOLAT<\/strong>&nbsp;ha adoptado cuantas medidas de seguridad t\u00e9cnicas y organizativas necesarias para garantizar la confidencialidad, integridad y disponibilidad de los datos personales teniendo en cuenta el estado de la t\u00e9cnica, los costes de aplicaci\u00f3n y la naturaleza, el alcance, el contexto y los fines de los tratamientos realizados as\u00ed como los riesgos en t\u00e9rminos de probabilidad y gravedad para los derechos y libertades de las personas f\u00edsicas.<\/p>\n\n\n\n<p><strong>DERECHOS<\/strong><br>Le informamos que podr\u00e1 ejercer en cualquier momento los derechos de acceso, rectificaci\u00f3n, limitaci\u00f3n, oposici\u00f3n, portabilidad y supresi\u00f3n de sus datos y los de limitaci\u00f3n y oposici\u00f3n a su tratamiento. Para ello puede dirigirse a nosotros en&nbsp;<a href=\"mailto:info@cacaolat.com\">info@cacaolat.com<\/a><\/p>\n\n\n\n<p>Si considera que el tratamiento no se ajusta a la normativa vigente de protecci\u00f3n de datos, tiene derecho a presentar una reclamaci\u00f3n ante la autoridad de control (Agencia Espa\u00f1ola de Protecci\u00f3n de Datos) en www.agpd.es. Aunque es compromiso de&nbsp;<strong>GRUPO CACAOLAT<\/strong>&nbsp;garantizar la privacidad y la seguridad de los datos y resolver internamente cualquier cuesti\u00f3n con ellas relacionada.<\/p>\n\n\n\n<p><strong>REGISTROS<\/strong><br><strong>GRUPO CACAOLAT, S.L.<\/strong>\u00a0tiene la marca registrada LETONA n\u00ba M0058049(X).<\/p>\n","protected":false},"excerpt":{"rendered":"<p>GRUPO CACAOLAT S.L.&nbsp;(en adelante, Cacaolat), con CIF B64975634, domiciliada en Avda. Francesc Maci\u00e0 255-233, 08924 Santa Coloma de Gramenet (Barcelona), informa a los Usuarios de la p\u00e1gina web&nbsp;https:\/\/www.letona.es\/, de la que es titular, de las Condiciones de Acceso y Uso de la misma. Inscrita en el Registro Mercantil de Barcelona Tomo 40937, Folio 0013, Hoja [&hellip;]<\/p>\n","protected":false},"author":1,"featured_media":0,"parent":0,"menu_order":30,"comment_status":"closed","ping_status":"closed","template":"page-standard.php","meta":{"inline_featured_image":false},"yoast_head":"<!-- This site is optimized with the Yoast SEO plugin v19.0 - https:\/\/yoast.com\/wordpress\/plugins\/seo\/ -->\n<title>Aviso legal - Letona<\/title>\n<meta name=\"robots\" content=\"index, follow, max-snippet:-1, max-image-preview:large, max-video-preview:-1\" \/>\n<link rel=\"canonical\" href=\"https:\/\/www.letona.es\/es\/avis-legal\/\" \/>\n<meta property=\"og:locale\" content=\"es_ES\" \/>\n<meta property=\"og:type\" content=\"article\" \/>\n<meta property=\"og:title\" content=\"Aviso legal - Letona\" \/>\n<meta property=\"og:description\" content=\"GRUPO CACAOLAT S.L.&nbsp;(en adelante, Cacaolat), con CIF B64975634, domiciliada en Avda. Francesc Maci\u00e0 255-233, 08924 Santa Coloma de Gramenet (Barcelona), informa a los Usuarios de la p\u00e1gina web&nbsp;https:\/\/www.letona.es\/, de la que es titular, de las Condiciones de Acceso y Uso de la misma. Inscrita en el Registro Mercantil de Barcelona Tomo 40937, Folio 0013, Hoja [&hellip;]\" \/>\n<meta property=\"og:url\" content=\"https:\/\/www.letona.es\/es\/avis-legal\/\" \/>\n<meta property=\"og:site_name\" content=\"Letona\" \/>\n<meta property=\"article:modified_time\" content=\"2025-01-24T09:20:54+00:00\" \/>\n<meta name=\"twitter:card\" content=\"summary_large_image\" \/>\n<meta name=\"twitter:label1\" content=\"Tiempo de lectura\" \/>\n\t<meta name=\"twitter:data1\" content=\"7 minutos\" \/>\n<script type=\"application\/ld+json\" class=\"yoast-schema-graph\">{\"@context\":\"https:\/\/schema.org\",\"@graph\":[{\"@type\":\"WebSite\",\"@id\":\"https:\/\/www.letona.es\/#website\",\"url\":\"https:\/\/www.letona.es\/\",\"name\":\"Letona\",\"description\":\"-Letona, llet de la bona!\",\"potentialAction\":[{\"@type\":\"SearchAction\",\"target\":{\"@type\":\"EntryPoint\",\"urlTemplate\":\"https:\/\/www.letona.es\/?s={search_term_string}\"},\"query-input\":\"required name=search_term_string\"}],\"inLanguage\":\"es\"},{\"@type\":\"WebPage\",\"@id\":\"https:\/\/www.letona.es\/es\/avis-legal\/#webpage\",\"url\":\"https:\/\/www.letona.es\/es\/avis-legal\/\",\"name\":\"Aviso legal - Letona\",\"isPartOf\":{\"@id\":\"https:\/\/www.letona.es\/#website\"},\"datePublished\":\"2021-03-15T09:58:15+00:00\",\"dateModified\":\"2025-01-24T09:20:54+00:00\",\"breadcrumb\":{\"@id\":\"https:\/\/www.letona.es\/es\/avis-legal\/#breadcrumb\"},\"inLanguage\":\"es\",\"potentialAction\":[{\"@type\":\"ReadAction\",\"target\":[\"https:\/\/www.letona.es\/es\/avis-legal\/\"]}]},{\"@type\":\"BreadcrumbList\",\"@id\":\"https:\/\/www.letona.es\/es\/avis-legal\/#breadcrumb\",\"itemListElement\":[{\"@type\":\"ListItem\",\"position\":1,\"name\":\"Home\",\"item\":\"https:\/\/www.letona.es\/es\/\"},{\"@type\":\"ListItem\",\"position\":2,\"name\":\"Aviso legal\"}]}]}<\/script>\n<!-- \/ Yoast SEO plugin. -->","yoast_head_json":{"title":"Aviso legal - Letona","robots":{"index":"index","follow":"follow","max-snippet":"max-snippet:-1","max-image-preview":"max-image-preview:large","max-video-preview":"max-video-preview:-1"},"canonical":"https:\/\/www.letona.es\/es\/avis-legal\/","og_locale":"es_ES","og_type":"article","og_title":"Aviso legal - Letona","og_description":"GRUPO CACAOLAT S.L.&nbsp;(en adelante, Cacaolat), con CIF B64975634, domiciliada en Avda. Francesc Maci\u00e0 255-233, 08924 Santa Coloma de Gramenet (Barcelona), informa a los Usuarios de la p\u00e1gina web&nbsp;https:\/\/www.letona.es\/, de la que es titular, de las Condiciones de Acceso y Uso de la misma. Inscrita en el Registro Mercantil de Barcelona Tomo 40937, Folio 0013, Hoja [&hellip;]","og_url":"https:\/\/www.letona.es\/es\/avis-legal\/","og_site_name":"Letona","article_modified_time":"2025-01-24T09:20:54+00:00","twitter_card":"summary_large_image","twitter_misc":{"Tiempo de lectura":"7 minutos"},"schema":{"@context":"https:\/\/schema.org","@graph":[{"@type":"WebSite","@id":"https:\/\/www.letona.es\/#website","url":"https:\/\/www.letona.es\/","name":"Letona","description":"-Letona, llet de la bona!","potentialAction":[{"@type":"SearchAction","target":{"@type":"EntryPoint","urlTemplate":"https:\/\/www.letona.es\/?s={search_term_string}"},"query-input":"required name=search_term_string"}],"inLanguage":"es"},{"@type":"WebPage","@id":"https:\/\/www.letona.es\/es\/avis-legal\/#webpage","url":"https:\/\/www.letona.es\/es\/avis-legal\/","name":"Aviso legal - Letona","isPartOf":{"@id":"https:\/\/www.letona.es\/#website"},"datePublished":"2021-03-15T09:58:15+00:00","dateModified":"2025-01-24T09:20:54+00:00","breadcrumb":{"@id":"https:\/\/www.letona.es\/es\/avis-legal\/#breadcrumb"},"inLanguage":"es","potentialAction":[{"@type":"ReadAction","target":["https:\/\/www.letona.es\/es\/avis-legal\/"]}]},{"@type":"BreadcrumbList","@id":"https:\/\/www.letona.es\/es\/avis-legal\/#breadcrumb","itemListElement":[{"@type":"ListItem","position":1,"name":"Home","item":"https:\/\/www.letona.es\/es\/"},{"@type":"ListItem","position":2,"name":"Aviso legal"}]}]}},"amp_enabled":false,"acf":[],"_links":{"self":[{"href":"https:\/\/www.letona.es\/es\/wp-json\/wp\/v2\/pages\/213"}],"collection":[{"href":"https:\/\/www.letona.es\/es\/wp-json\/wp\/v2\/pages"}],"about":[{"href":"https:\/\/www.letona.es\/es\/wp-json\/wp\/v2\/types\/page"}],"author":[{"embeddable":true,"href":"https:\/\/www.letona.es\/es\/wp-json\/wp\/v2\/users\/1"}],"replies":[{"embeddable":true,"href":"https:\/\/www.letona.es\/es\/wp-json\/wp\/v2\/comments?post=213"}],"version-history":[{"count":0,"href":"https:\/\/www.letona.es\/es\/wp-json\/wp\/v2\/pages\/213\/revisions"}],"wp:attachment":[{"href":"https:\/\/www.letona.es\/es\/wp-json\/wp\/v2\/media?parent=213"}],"curies":[{"name":"wp","href":"https:\/\/api.w.org\/{rel}","templated":true}]}}