{"id":217,"date":"2021-03-15T10:44:44","date_gmt":"2021-03-15T09:44:44","guid":{"rendered":"https:\/\/www.letona.es\/politica-integrada\/"},"modified":"2025-08-06T15:24:50","modified_gmt":"2025-08-06T13:24:50","slug":"politica-integrada","status":"publish","type":"page","link":"https:\/\/www.letona.es\/es\/politica-integrada\/","title":{"rendered":"Pol\u00edtica integrada"},"content":{"rendered":"\n<p>La Direcci\u00f3n de GRUPO CACAOLAT reconoce la seguridad y la salud de las personas, la calidad y la seguridad alimentaria de todos nuestros productos, la protecci\u00f3n del medio ambiente de nuestras actividades y la responsabilidad social y corporativa como pilares fundamentales en su pol\u00edtica de gesti\u00f3n empresarial.<\/p>\n\n\n\n<p>Por ello, adquiere los siguientes compromisos:<\/p>\n\n\n\n<ol><li><strong>Solucionar las necesidades de los clientes con capacidad y agilidad<\/strong> mediante una comunicaci\u00f3n rigurosa y puntual. Estos son objetivos prioritarios para ofrecer productos y servicios excelentes con innovaciones en el desarrollo y la fabricaci\u00f3n y mejorar la satisfacci\u00f3n de las necesidades del cliente y la adaptaci\u00f3n al consumidor.<\/li><li><strong>Potenciar una s\u00f3lida cultura de la seguridad alimentaria y la calidad como requisitos que impulsan la mejora continua<\/strong> de todas las \u00e1reas. A trav\u00e9s de ellas se consigue productividad, competitividad y rentabilidad.<\/li><li><strong>Considerar la atenci\u00f3n al cliente de una manera personalizada<\/strong> sin olvidar el asesoramiento t\u00e9cnico para la resoluci\u00f3n de posibles reclamaciones. Las opiniones de nuestros clientes nos ayudan a mejorar e innovar y sin fuente de nuestro progreso. Queremos conseguir la satisfacci\u00f3n plena de cliente mediante el cumplimiento estricto de los requerimientos contratados y llegar al consumidor final valorando la tendencia del mercado y la satisfacci\u00f3n de las expectativas depositadas en nosotros.<\/li><li><strong>Asegurar la participaci\u00f3n de toda la organizaci\u00f3n en la consecuci\u00f3n de la seguridad y la salud, la calidad y la seguridad alimentaria y el medio ambiente<\/strong>, otorgar una gran importancia a la formaci\u00f3n y al autocontrol y establecer programas de mejora continua para que los posibles errores se detecten antes de que se produzcan.<\/li><li><strong>Fomentar el \u00abdefecto zero\u00bb y el trabajo bien hecho<\/strong> como base para alcanzar la calidad total, reducir la generaci\u00f3n de residuos potenciales y obtener el nivel de excelencia deseado en todos nuestros productos y procesos.<\/li><li><strong>Establecer v\u00ednculos con nuestros proveedores<\/strong> para exigir el mismo grado de calidad y protecci\u00f3n del medio ambiente que rige dentro de <strong>GRUPO CACAOLAT<\/strong>, ya que son fuente de riqueza y conocimiento de estos compromisos. Y en relaci\u00f3n con la seguridad y la salud, coordinar actividades empresariales dentro de las instalaciones de <strong>GRUPO CACAOLAT<\/strong>.<\/li><li><strong>Respetar la legalidad y la autenticidad y responsabilizarnos del control del fraude alimentario<\/strong> para asegurar un etiquetado correcto de los productos as\u00ed como un control de defensa alimentaria para combatir cualquier riesgo de sabotaje a las instalaciones y la adulteraci\u00f3n de los productos.<\/li><li><strong>Asegurar que todo el personal de GRUPO CACAOLAT<\/strong> est\u00e1 totalmente familiarizado con los objetivos y la pol\u00edtica de empresa mediante la formaci\u00f3n a todos los niveles. Asumir las responsabilidades en el punto trabajo asignado e implantar mecanismos para supervisar la eficacia de su desarrollo.<\/li><li><strong>Garantizar que se revisa el grado de ejecuci\u00f3n<\/strong> de los objetivos peri\u00f3dicamente<\/li><li><strong>Proteger el medio ambiente, impulsar la sostenibilidad y actuar frente al cambio clim\u00e1tico <\/strong>promoviendo la conservaci\u00f3n de los recursos, el uso de energ\u00edas limpias y la prevenci\u00f3n de la contaminaci\u00f3n en nuestras actividades adem\u00e1s de otras que podamos influir fomentando una cultura proactiva contribuyendo a un futuro m\u00e1s justo, resiliente y sostenible.<\/li><\/ol>\n\n\n\n<p>Como compromiso final, la Direcci\u00f3n de GRUPO CACAOLAT revisar\u00e1 y analizar\u00e1 todos los planes de cada uno de los sistemas de gesti\u00f3n para una mejora continua, estableciendo acciones en relaci\u00f3n con los riesgos y oportunidades de mejora, en cumplimiento de la seguridad y la salud, la calidad y la seguridad alimentarias, la gesti\u00f3n ambiental y la responsabilidad social corporativa.<\/p>\n\n\n\n<p>17\/07\/2025<\/p>\n","protected":false},"excerpt":{"rendered":"<p>La Direcci\u00f3n de GRUPO CACAOLAT reconoce la seguridad y la salud de las personas, la calidad y la seguridad alimentaria de todos nuestros productos, la protecci\u00f3n del medio ambiente de nuestras actividades y la responsabilidad social y corporativa como pilares fundamentales en su pol\u00edtica de gesti\u00f3n empresarial. Por ello, adquiere los siguientes compromisos: Solucionar las [&hellip;]<\/p>\n","protected":false},"author":1,"featured_media":0,"parent":0,"menu_order":20,"comment_status":"closed","ping_status":"closed","template":"page-standard.php","meta":{"inline_featured_image":false},"yoast_head":"<!-- This site is optimized with the Yoast SEO plugin v19.0 - https:\/\/yoast.com\/wordpress\/plugins\/seo\/ -->\n<title>Pol\u00edtica integrada - Letona<\/title>\n<meta name=\"robots\" content=\"index, follow, max-snippet:-1, max-image-preview:large, max-video-preview:-1\" \/>\n<link rel=\"canonical\" href=\"https:\/\/www.letona.es\/es\/politica-integrada\/\" \/>\n<meta property=\"og:locale\" content=\"es_ES\" \/>\n<meta property=\"og:type\" content=\"article\" \/>\n<meta property=\"og:title\" content=\"Pol\u00edtica integrada - Letona\" \/>\n<meta property=\"og:description\" content=\"La Direcci\u00f3n de GRUPO CACAOLAT reconoce la seguridad y la salud de las personas, la calidad y la seguridad alimentaria de todos nuestros productos, la protecci\u00f3n del medio ambiente de nuestras actividades y la responsabilidad social y corporativa como pilares fundamentales en su pol\u00edtica de gesti\u00f3n empresarial. Por ello, adquiere los siguientes compromisos: Solucionar las [&hellip;]\" \/>\n<meta property=\"og:url\" content=\"https:\/\/www.letona.es\/es\/politica-integrada\/\" \/>\n<meta property=\"og:site_name\" content=\"Letona\" \/>\n<meta property=\"article:modified_time\" content=\"2025-08-06T13:24:50+00:00\" \/>\n<meta name=\"twitter:card\" content=\"summary_large_image\" \/>\n<meta name=\"twitter:label1\" content=\"Tiempo de lectura\" \/>\n\t<meta name=\"twitter:data1\" content=\"3 minutos\" \/>\n<script type=\"application\/ld+json\" class=\"yoast-schema-graph\">{\"@context\":\"https:\/\/schema.org\",\"@graph\":[{\"@type\":\"WebSite\",\"@id\":\"https:\/\/www.letona.es\/#website\",\"url\":\"https:\/\/www.letona.es\/\",\"name\":\"Letona\",\"description\":\"-Letona, llet de la bona!\",\"potentialAction\":[{\"@type\":\"SearchAction\",\"target\":{\"@type\":\"EntryPoint\",\"urlTemplate\":\"https:\/\/www.letona.es\/?s={search_term_string}\"},\"query-input\":\"required name=search_term_string\"}],\"inLanguage\":\"es\"},{\"@type\":\"WebPage\",\"@id\":\"https:\/\/www.letona.es\/es\/politica-integrada\/#webpage\",\"url\":\"https:\/\/www.letona.es\/es\/politica-integrada\/\",\"name\":\"Pol\u00edtica integrada - Letona\",\"isPartOf\":{\"@id\":\"https:\/\/www.letona.es\/#website\"},\"datePublished\":\"2021-03-15T09:44:44+00:00\",\"dateModified\":\"2025-08-06T13:24:50+00:00\",\"breadcrumb\":{\"@id\":\"https:\/\/www.letona.es\/es\/politica-integrada\/#breadcrumb\"},\"inLanguage\":\"es\",\"potentialAction\":[{\"@type\":\"ReadAction\",\"target\":[\"https:\/\/www.letona.es\/es\/politica-integrada\/\"]}]},{\"@type\":\"BreadcrumbList\",\"@id\":\"https:\/\/www.letona.es\/es\/politica-integrada\/#breadcrumb\",\"itemListElement\":[{\"@type\":\"ListItem\",\"position\":1,\"name\":\"Home\",\"item\":\"https:\/\/www.letona.es\/es\/\"},{\"@type\":\"ListItem\",\"position\":2,\"name\":\"Pol\u00edtica integrada\"}]}]}<\/script>\n<!-- \/ Yoast SEO plugin. -->","yoast_head_json":{"title":"Pol\u00edtica integrada - Letona","robots":{"index":"index","follow":"follow","max-snippet":"max-snippet:-1","max-image-preview":"max-image-preview:large","max-video-preview":"max-video-preview:-1"},"canonical":"https:\/\/www.letona.es\/es\/politica-integrada\/","og_locale":"es_ES","og_type":"article","og_title":"Pol\u00edtica integrada - Letona","og_description":"La Direcci\u00f3n de GRUPO CACAOLAT reconoce la seguridad y la salud de las personas, la calidad y la seguridad alimentaria de todos nuestros productos, la protecci\u00f3n del medio ambiente de nuestras actividades y la responsabilidad social y corporativa como pilares fundamentales en su pol\u00edtica de gesti\u00f3n empresarial. Por ello, adquiere los siguientes compromisos: Solucionar las [&hellip;]","og_url":"https:\/\/www.letona.es\/es\/politica-integrada\/","og_site_name":"Letona","article_modified_time":"2025-08-06T13:24:50+00:00","twitter_card":"summary_large_image","twitter_misc":{"Tiempo de lectura":"3 minutos"},"schema":{"@context":"https:\/\/schema.org","@graph":[{"@type":"WebSite","@id":"https:\/\/www.letona.es\/#website","url":"https:\/\/www.letona.es\/","name":"Letona","description":"-Letona, llet de la bona!","potentialAction":[{"@type":"SearchAction","target":{"@type":"EntryPoint","urlTemplate":"https:\/\/www.letona.es\/?s={search_term_string}"},"query-input":"required name=search_term_string"}],"inLanguage":"es"},{"@type":"WebPage","@id":"https:\/\/www.letona.es\/es\/politica-integrada\/#webpage","url":"https:\/\/www.letona.es\/es\/politica-integrada\/","name":"Pol\u00edtica integrada - Letona","isPartOf":{"@id":"https:\/\/www.letona.es\/#website"},"datePublished":"2021-03-15T09:44:44+00:00","dateModified":"2025-08-06T13:24:50+00:00","breadcrumb":{"@id":"https:\/\/www.letona.es\/es\/politica-integrada\/#breadcrumb"},"inLanguage":"es","potentialAction":[{"@type":"ReadAction","target":["https:\/\/www.letona.es\/es\/politica-integrada\/"]}]},{"@type":"BreadcrumbList","@id":"https:\/\/www.letona.es\/es\/politica-integrada\/#breadcrumb","itemListElement":[{"@type":"ListItem","position":1,"name":"Home","item":"https:\/\/www.letona.es\/es\/"},{"@type":"ListItem","position":2,"name":"Pol\u00edtica integrada"}]}]}},"amp_enabled":false,"acf":[],"_links":{"self":[{"href":"https:\/\/www.letona.es\/es\/wp-json\/wp\/v2\/pages\/217"}],"collection":[{"href":"https:\/\/www.letona.es\/es\/wp-json\/wp\/v2\/pages"}],"about":[{"href":"https:\/\/www.letona.es\/es\/wp-json\/wp\/v2\/types\/page"}],"author":[{"embeddable":true,"href":"https:\/\/www.letona.es\/es\/wp-json\/wp\/v2\/users\/1"}],"replies":[{"embeddable":true,"href":"https:\/\/www.letona.es\/es\/wp-json\/wp\/v2\/comments?post=217"}],"version-history":[{"count":0,"href":"https:\/\/www.letona.es\/es\/wp-json\/wp\/v2\/pages\/217\/revisions"}],"wp:attachment":[{"href":"https:\/\/www.letona.es\/es\/wp-json\/wp\/v2\/media?parent=217"}],"curies":[{"name":"wp","href":"https:\/\/api.w.org\/{rel}","templated":true}]}}