{"id":219,"date":"2021-08-09T17:36:29","date_gmt":"2021-08-09T16:36:29","guid":{"rendered":"https:\/\/www.letona.es\/xarxes-socials\/"},"modified":"2022-02-28T13:10:50","modified_gmt":"2022-02-28T12:10:50","slug":"xarxes-socials","status":"publish","type":"page","link":"https:\/\/www.letona.es\/es\/xarxes-socials\/","title":{"rendered":"Pol\u00edtica de privacitat en les xarxes socials del GRUPO CACAOLAT, S.L."},"content":{"rendered":"\n<ol><li><strong>INTRODUCCI\u00d3N.<\/strong><br><br>La presente Pol\u00edtica de Privacidad en las Redes Sociales, describe el uso de que\u00a0GRUPO CACAOLAT, S.L. de los datos personales de los usuarios al registrarse a trav\u00e9s del perfil que GRUPO CACAOLAT, S.L. tiene en la red social Facebook, Twitter, Instagram, etc, y navegar por con su usuario de red social, para las finalidades que se indican a continuaci\u00f3n.Al registrarse con su ID de Facebook, Twitter, Instagram, etc., en definitiva de una red social, el usuario otorga su consentimiento expreso para el tratamiento de sus datos personales confome a la Pol\u00edtica de Privacidad de GRUPO CACAOLAT, S.L.<br><br><\/li><li><strong>PROTECCI\u00d3N DE DATOS DE CAR\u00c1CTER PERSONAL: IDENTIFICACI\u00d3N DEL RESPONSABLE DEL TRATAMIENTO.<\/strong><br><br>Se informa a los usuarios que proporcionen sus datos personales con la informaci\u00f3n disponible a trav\u00e9s de su cuenta y\/o perfil del usuario en las redes sociales titularidad de GRUPO CACAOLAT, S.L., que \u00e9sta es la responsable de tratamiento de datos personales que se realice, salvo que expresamente se informe de otras condiciones en un tratamiento concreto.De conformidad con lo establecido en la legislaci\u00f3n aplicable en materia de protecci\u00f3n de datos, GRUPO CACAOLAT, S.L. respeta la privacidad de los usuarios y el secreto y seguridad de los datos personales, adoptando para ello las medidas legales, t\u00e9cnicas y organizativas necesarias para evitar la p\u00e9rdida, mal uso, alteraci\u00f3n, acceso no autorizado y robo de los datos personales facilitados, habida cuenta el estado de la tecnolog\u00eda, la naturaleza de los datos y los riesgos a los que est\u00e1n expuestos.Los datos personales de los usuarios solo se obtendr\u00e1n para ser tratados cuando sean adecuados, pertinentes y no excesivos en relaci\u00f3n con el \u00e1mbito y las finalidades para las que se hayan recabado. As\u00ed pues, se limitar\u00e1 su tratamiento a aquellas finalidades que en cada caso se hayan indicado a los Usuarios.Cuando se recaben datos personales, se informar\u00e1 previamente al usuario de forma clara e inequ\u00edvoca de las circunstancias relativas al tratamiento de sus datos, de acuerdo con las exigencias que en materia de protecci\u00f3n de datos vigentes en cada momento. Asimismo, los datos personales proporcionados a GRUPO CACAOLAT, S.L. se conservar\u00e1n mientras el interesado (i) no solicite su supresi\u00f3n o rectificaci\u00f3n, (ii) no se oponga a que sus datos sigan siendo tratados o, (iii) en aquellos tratamientos que requieren su autorizaci\u00f3n, no retire su consentimiento. Sin perjuicio de lo anterior, y adicionalmente a dichos plazos, los datos ser\u00e1n conservados debidamente bloqueados, a disposici\u00f3n exclusiva de los jueces y tribunales, el Ministerio Fiscal o las Administraciones P\u00fablicas competentes, en particular de las autoridades de protecci\u00f3n de datos, durante un plazo de 3 a\u00f1os para hacer frente a posibles reclamaciones que se puedan plantear por el uso que se haya hecho de ellos.Para mayor detalle en relaci\u00f3n con el tratamiento de sus datos personales el usuario deber\u00e1 visitar la Pol\u00edtica de Privacidad de GRUPO CACAOLAT, S.L. donde encontrar\u00e1 informaci\u00f3n detallada respecto la protecci\u00f3n de datos.<br><br><\/li><li><strong>EDAD DE ACCESO.<\/strong><br><br>GRUPO CACAOLAT, S.L. quedar\u00e1 expresamente exonerada de cualquier responsabilidad que pudiera derivarse del uso de las redes sociales por parte de personas con menos edad a la autorizada por cada una de las redes sociales menores.<br><br><\/li><li><strong>FINALIDADES A LAS QUE SE DESTINAN LOS DATOS EN LAS REDES SOCIALES.<\/strong><br><br>La informaci\u00f3n y datos personales proporcionados voluntariamente por el usuario a trav\u00e9s de redes sociales de GRUPO CACAOLAT, S.L. es tratada con la finalidad de:<ul><li>Gestionar el registro del usuario la creaci\u00f3n de su cuenta y el uso de las redes sociales de GRUPO CACAOLAT, S.L.<\/li><li>Atender cuantas peticiones nos formule a trav\u00e9s de las redes sociales de GRUPO CACAOLAT, S.L.<\/li><li>Enviar informaci\u00f3n y publicidad de GRUPO CACAOLAT, S.L., por cualquier medio, electr\u00f3nico o no.<\/li><li>Conocer la opini\u00f3n y valoraci\u00f3n del usuario y mantenerle al d\u00eda de actividades, noticias, ofertas especiales y promociones de la marca GRUPO CACAOLAT, S.L. de su inter\u00e9s.<\/li><li>Enviar informaci\u00f3n, publicidad y promoci\u00f3n comercial de productos, servicios y actividades en el \u00e1mbito del sector de la alimentaci\u00f3n y bebidas, por cualquier medio, incluido el electr\u00f3nico (correo electr\u00f3nico o medios equivalentes, como sms, tel\u00e9fonos, m\u00f3viles. Lo anterior, siempre que haya sido previa y expresamente consentido por el interesado.<\/li><li>An\u00e1lisis y elaboraci\u00f3n de perfiles comerciales en base a la informaci\u00f3n facilitada para buscar contenidos que sean de inter\u00e9s del usuario, utilizando t\u00e9cnicas de profiling para realizar publicidad dirigida y marketing directo. La elaboraci\u00f3n de estos perfiles se basar\u00e1 en la informaci\u00f3n procedente tanto de fuentes internas de GRUPO CACAOLAT, S.L como externas, tales como, por ejemplo, redes sociales, fuentes p\u00fablicas, otras empresas del grupo o colaboradoras. Lo anterior siempre que haya sido previa y expresamente consentido por el interesado.La informaci\u00f3n facilitada por el usuario a trav\u00e9s de las redes sociales de GRUPO CACAOLAT, S.L., incluidos sus datos personales, puede ser publicada, siempre en funci\u00f3n de los servicios que el usuario utilice, por lo que podr\u00e1 quedar a disposici\u00f3n p\u00fablica de otros terceros usuarios de las redes sociales. Desde el Perfil de cada red social, el usuario puede configurar qu\u00e9 informaci\u00f3n quiere hacer p\u00fablica en cada caso, ver los permisos que se han concedido, eliminarlos o desactivarlos, como cualquier aplicaci\u00f3n de un tercero que ya no se desea utilizar.Si se desactiva la aplicaci\u00f3n de GRUPO CACAOLAT, S.L. expresamente o los permisos de terceros en el Perfil del usuario de una red social, \u00e9sta dejar\u00e1 de proporcionar su identificador de usuario de la red social.En las redes sociales, el usuario puede compartir textos, fotos, v\u00eddeos y otro tipo de informaci\u00f3n u otros y\/o contenidos, algo que en tal caso har\u00e1 libre, voluntaria y conscientemente. De hacerlo as\u00ed, dichos contenidos estar\u00e1n sujetos tanto a la presente pol\u00edtica como a las Normas y Condiciones de Acceso y Uso de la red social correspondiente. El usuario ser\u00e1 responsable de que todos los contenidos que publique respeten la legislaci\u00f3n vigente, la presente pol\u00edtica y el aviso legal de la misma. El usuario \u00fanicamente podr\u00e1 publicar datos personales, fotograf\u00edas e informaciones u otros contenidos cuya titularidad y propiedad le pertenezcan o respecto de las cuales ostente la autorizaci\u00f3n de terceros.GRUPO CACAOLAT, S.L. tendr\u00e1 derecho a eliminar de la presente p\u00e1gina oficial \u2013de forma unilateral y sin previa comunicaci\u00f3n ni autorizaci\u00f3n del usuario- cualesquiera contenidos publicados por el usuario cuando el usuario infrinja o vulnere la legislaci\u00f3n vigente, las normas establecidas en la presente pol\u00edtica y\/o las de las redes sociales.<br><br><\/li><\/ul><\/li><li><strong>RESPONSABILIDAD Y CALIDAD DE LOS DATOS.<\/strong><br><br>GRUPO CACAOLAT, S.L. s\u00f3lo es responsable y garantiza la confidencialidad, seguridad y tratamiento de los datos conforme a la presente pol\u00edtica, y respecto de los datos de car\u00e1cter personal que recoja del usuario registrado tambi\u00e9n a trav\u00e9s de su identificador de la red social, no teniendo ning\u00fan tipo de responsabilidad respecto de los tratamientos y posteriores utilizaciones de los datos personales que pudieran efectuarse tanto por el titular de la red social, como por terceros prestadores de servicios de la sociedad de la informaci\u00f3n ajenos a GRUPO CACAOLAT, S.L. que pudiesen acceder a tales datos en raz\u00f3n de la prestaci\u00f3n de sus servicios o ejercicio de su actividad, terceros que establezcan hiperenlaces a la red social.GRUPO CACAOLAT, S.L. advierte que ning\u00fan usuario puede utilizar la identidad de otra persona y\/o comunicar datos personales de terceras personas sin contar previamente con su debida autorizaci\u00f3n, por lo que el usuario en todo momento deber\u00e1 tener en cuenta que \u00fanicamente puede proporcionar datos personales correspondientes a su propia identidad y que sean adecuados, pertinentes, actuales, exactos y verdaderos. En cualquier caso, el usuario deber\u00e1 respetar la privacidad de terceros, sean estos usuarios o no de la red social de GRUPO CACAOLAT, S.L.<br><br><\/li><li><strong>EJERCICIO DE LOS DERECHOS DE PROTECCI\u00d3N DE DATOS DE CAR\u00c1CTER PERSONAL.<\/strong><br><br>GRUPO CACAOLAT, S.L. informa al usuario de la posibilidad de ejercitar los siguientes derechos:<ul><li>Derecho a solicitar el acceso a sus datos personales que se est\u00e1n tratando y recibir dicha informaci\u00f3n por escrito por el medio solicitado.<\/li><li>Derecho a solicitar la rectificaci\u00f3n de los datos personales inexactos o, en su caso, solicitar su supresi\u00f3n cuando, entre otros motivos, los datos ya no sean necesarios para la finalidad por los que fueron recogidos.<\/li><li>Derecho a solicitar la limitaci\u00f3n del tratamiento de sus datos.<\/li><li>Derecho a oponerse al tratamiento de sus datos personales cuando proceda.<\/li><li>Derecho a la portabilidad de sus datos personales cuando el tratamiento est\u00e9 basado en un consentimiento y se efect\u00fae por medios automatizados. En estos supuestos los datos se entregar\u00e1n de forma estructurada, uso com\u00fan y lectura mec\u00e1nica.<\/li><li>Derecho a retirar el consentimiento prestado.<\/li><li>Derecho a reclamar ante la Agencia Espa\u00f1ola de Protecci\u00f3n de Datos.El usuario podr\u00e1 ejercitar los derechos anteriormente indicados a trav\u00e9s de la siguiente direcci\u00f3n de correo postal: GRUPO CACAOLAT, S.L. Att. OFICINA PRIVACIDAD, Avda. Francesc Maci\u00e0 255-233, 08924 Santa Coloma de Gramenet (Barcelona), as\u00ed como a trav\u00e9s de la siguiente direcci\u00f3n de correo electr\u00f3nico: info@cacaolat.com.<br><br><\/li><\/ul><\/li><li><strong>OTRA INFORMACI\u00d3N DE INTER\u00c9S.<\/strong><br><br>GRUPO CACAOLAT, S.L. podr\u00e1 modificar y\/o sustituir en cualquier momento la presente pol\u00edtica que, seg\u00fan los casos, sustituir\u00e1, completar\u00e1 y\/o modificar\u00e1 la publicada. En estos casos, si el usuario estuviese registrado, GRUPO CACAOLAT, S.L. deber\u00e1 informarle directamente de aquellos posibles cambios que puedan afectarle jur\u00eddicamente, pudiendo adem\u00e1s acceder en todo momento a la pol\u00edtica con el fin de mantenerse informado y actualizado.El usuario puede contactar con GRUPO CACAOLAT, S.L. mediante el servicio de mensajer\u00eda interna de la red social o a trav\u00e9s de los siguientes datos de contacto:<\/li><\/ol>\n\n\n\n<p class=\"has-text-align-center\"><strong>GRUPO CACAOLAT, S.L.<\/strong><br>Avda. Francesc Maci\u00e0 255-233<br>08924 Santa Coloma de Gramenet (Barcelona)<br><a href=\"mailto:info@cacaolat.com\" target=\"_blank\" rel=\"noopener\">info@cacaolat.com<\/a><\/p>\n","protected":false},"excerpt":{"rendered":"<p>INTRODUCCI\u00d3N. La presente Pol\u00edtica de Privacidad en las Redes Sociales, describe el uso de que\u00a0GRUPO CACAOLAT, S.L. de los datos personales de los usuarios al registrarse a trav\u00e9s del perfil que GRUPO CACAOLAT, S.L. tiene en la red social Facebook, Twitter, Instagram, etc, y navegar por con su usuario de red social, para las finalidades [&hellip;]<\/p>\n","protected":false},"author":1,"featured_media":0,"parent":0,"menu_order":0,"comment_status":"closed","ping_status":"closed","template":"page-standard.php","meta":{"inline_featured_image":false},"yoast_head":"<!-- This site is optimized with the Yoast SEO plugin v19.0 - https:\/\/yoast.com\/wordpress\/plugins\/seo\/ -->\n<title>Pol\u00edtica de privacitat en les xarxes socials del GRUPO CACAOLAT, S.L. - Letona<\/title>\n<meta name=\"robots\" content=\"index, follow, max-snippet:-1, max-image-preview:large, max-video-preview:-1\" \/>\n<link rel=\"canonical\" href=\"https:\/\/www.letona.es\/es\/xarxes-socials\/\" \/>\n<meta property=\"og:locale\" content=\"es_ES\" \/>\n<meta property=\"og:type\" content=\"article\" \/>\n<meta property=\"og:title\" content=\"Pol\u00edtica de privacitat en les xarxes socials del GRUPO CACAOLAT, S.L. - Letona\" \/>\n<meta property=\"og:description\" content=\"INTRODUCCI\u00d3N. La presente Pol\u00edtica de Privacidad en las Redes Sociales, describe el uso de que\u00a0GRUPO CACAOLAT, S.L. de los datos personales de los usuarios al registrarse a trav\u00e9s del perfil que GRUPO CACAOLAT, S.L. tiene en la red social Facebook, Twitter, Instagram, etc, y navegar por con su usuario de red social, para las finalidades [&hellip;]\" \/>\n<meta property=\"og:url\" content=\"https:\/\/www.letona.es\/es\/xarxes-socials\/\" \/>\n<meta property=\"og:site_name\" content=\"Letona\" \/>\n<meta property=\"article:modified_time\" content=\"2022-02-28T12:10:50+00:00\" \/>\n<meta name=\"twitter:card\" content=\"summary_large_image\" \/>\n<meta name=\"twitter:label1\" content=\"Tiempo de lectura\" \/>\n\t<meta name=\"twitter:data1\" content=\"7 minutos\" \/>\n<script type=\"application\/ld+json\" class=\"yoast-schema-graph\">{\"@context\":\"https:\/\/schema.org\",\"@graph\":[{\"@type\":\"WebSite\",\"@id\":\"https:\/\/www.letona.es\/#website\",\"url\":\"https:\/\/www.letona.es\/\",\"name\":\"Letona\",\"description\":\"-Letona, llet de la bona!\",\"potentialAction\":[{\"@type\":\"SearchAction\",\"target\":{\"@type\":\"EntryPoint\",\"urlTemplate\":\"https:\/\/www.letona.es\/?s={search_term_string}\"},\"query-input\":\"required name=search_term_string\"}],\"inLanguage\":\"es\"},{\"@type\":\"WebPage\",\"@id\":\"https:\/\/www.letona.es\/es\/xarxes-socials\/#webpage\",\"url\":\"https:\/\/www.letona.es\/es\/xarxes-socials\/\",\"name\":\"Pol\u00edtica de privacitat en les xarxes socials del GRUPO CACAOLAT, S.L. - Letona\",\"isPartOf\":{\"@id\":\"https:\/\/www.letona.es\/#website\"},\"datePublished\":\"2021-08-09T16:36:29+00:00\",\"dateModified\":\"2022-02-28T12:10:50+00:00\",\"breadcrumb\":{\"@id\":\"https:\/\/www.letona.es\/es\/xarxes-socials\/#breadcrumb\"},\"inLanguage\":\"es\",\"potentialAction\":[{\"@type\":\"ReadAction\",\"target\":[\"https:\/\/www.letona.es\/es\/xarxes-socials\/\"]}]},{\"@type\":\"BreadcrumbList\",\"@id\":\"https:\/\/www.letona.es\/es\/xarxes-socials\/#breadcrumb\",\"itemListElement\":[{\"@type\":\"ListItem\",\"position\":1,\"name\":\"Home\",\"item\":\"https:\/\/www.letona.es\/es\/\"},{\"@type\":\"ListItem\",\"position\":2,\"name\":\"Pol\u00edtica de privacitat en les xarxes socials del GRUPO CACAOLAT, S.L.\"}]}]}<\/script>\n<!-- \/ Yoast SEO plugin. -->","yoast_head_json":{"title":"Pol\u00edtica de privacitat en les xarxes socials del GRUPO CACAOLAT, S.L. - Letona","robots":{"index":"index","follow":"follow","max-snippet":"max-snippet:-1","max-image-preview":"max-image-preview:large","max-video-preview":"max-video-preview:-1"},"canonical":"https:\/\/www.letona.es\/es\/xarxes-socials\/","og_locale":"es_ES","og_type":"article","og_title":"Pol\u00edtica de privacitat en les xarxes socials del GRUPO CACAOLAT, S.L. - Letona","og_description":"INTRODUCCI\u00d3N. La presente Pol\u00edtica de Privacidad en las Redes Sociales, describe el uso de que\u00a0GRUPO CACAOLAT, S.L. de los datos personales de los usuarios al registrarse a trav\u00e9s del perfil que GRUPO CACAOLAT, S.L. tiene en la red social Facebook, Twitter, Instagram, etc, y navegar por con su usuario de red social, para las finalidades [&hellip;]","og_url":"https:\/\/www.letona.es\/es\/xarxes-socials\/","og_site_name":"Letona","article_modified_time":"2022-02-28T12:10:50+00:00","twitter_card":"summary_large_image","twitter_misc":{"Tiempo de lectura":"7 minutos"},"schema":{"@context":"https:\/\/schema.org","@graph":[{"@type":"WebSite","@id":"https:\/\/www.letona.es\/#website","url":"https:\/\/www.letona.es\/","name":"Letona","description":"-Letona, llet de la bona!","potentialAction":[{"@type":"SearchAction","target":{"@type":"EntryPoint","urlTemplate":"https:\/\/www.letona.es\/?s={search_term_string}"},"query-input":"required name=search_term_string"}],"inLanguage":"es"},{"@type":"WebPage","@id":"https:\/\/www.letona.es\/es\/xarxes-socials\/#webpage","url":"https:\/\/www.letona.es\/es\/xarxes-socials\/","name":"Pol\u00edtica de privacitat en les xarxes socials del GRUPO CACAOLAT, S.L. - Letona","isPartOf":{"@id":"https:\/\/www.letona.es\/#website"},"datePublished":"2021-08-09T16:36:29+00:00","dateModified":"2022-02-28T12:10:50+00:00","breadcrumb":{"@id":"https:\/\/www.letona.es\/es\/xarxes-socials\/#breadcrumb"},"inLanguage":"es","potentialAction":[{"@type":"ReadAction","target":["https:\/\/www.letona.es\/es\/xarxes-socials\/"]}]},{"@type":"BreadcrumbList","@id":"https:\/\/www.letona.es\/es\/xarxes-socials\/#breadcrumb","itemListElement":[{"@type":"ListItem","position":1,"name":"Home","item":"https:\/\/www.letona.es\/es\/"},{"@type":"ListItem","position":2,"name":"Pol\u00edtica de privacitat en les xarxes socials del GRUPO CACAOLAT, S.L."}]}]}},"amp_enabled":false,"acf":[],"_links":{"self":[{"href":"https:\/\/www.letona.es\/es\/wp-json\/wp\/v2\/pages\/219"}],"collection":[{"href":"https:\/\/www.letona.es\/es\/wp-json\/wp\/v2\/pages"}],"about":[{"href":"https:\/\/www.letona.es\/es\/wp-json\/wp\/v2\/types\/page"}],"author":[{"embeddable":true,"href":"https:\/\/www.letona.es\/es\/wp-json\/wp\/v2\/users\/1"}],"replies":[{"embeddable":true,"href":"https:\/\/www.letona.es\/es\/wp-json\/wp\/v2\/comments?post=219"}],"version-history":[{"count":0,"href":"https:\/\/www.letona.es\/es\/wp-json\/wp\/v2\/pages\/219\/revisions"}],"wp:attachment":[{"href":"https:\/\/www.letona.es\/es\/wp-json\/wp\/v2\/media?parent=219"}],"curies":[{"name":"wp","href":"https:\/\/api.w.org\/{rel}","templated":true}]}}